{"id":144,"date":"2023-06-26T20:50:19","date_gmt":"2023-06-26T20:50:19","guid":{"rendered":"https:\/\/orte-der-geografie.ch\/?page_id=144"},"modified":"2023-10-11T16:06:00","modified_gmt":"2023-10-11T16:06:00","slug":"bundeshaus-2","status":"publish","type":"page","link":"https:\/\/orte-der-geografie.ch\/?page_id=144","title":{"rendered":"Bundeshaus"},"content":{"rendered":"\n<figure class=\"wp-block-audio\"><audio controls src=\"https:\/\/orte-der-geografie.ch\/wp-content\/uploads\/2023\/06\/11_Bundeshaus.mp3\"><\/audio><\/figure>\n\n\n\n<p><strong>Sitz der Macht<\/strong><\/p>\n\n\n\n<p>\u201eIm architektonischen \u00abMus\u00e9e imaginaire\u00bb der Schweizer ist das Berner Bundeshaus fest verankert; es figuriert darin \u2013&nbsp;vor allem wegen seiner Kuppel -\u2013&nbsp;als ein Nationaldenkmal\u201c titelt die NZZ zum 100-j\u00e4hrigen Jubil\u00e4um der Einweihung des Bundeshauses (NZZ 2003). Die Kuppel erinnert an das amerikanische Kapitol in Washington und verk\u00f6rpert damit: hier sitzt das Zentrum der Macht.<\/p>\n\n\n\n<p>Das Bundeshaus repr\u00e4sentiert Berns Funktion als Hauptstadt. Am GIUB besch\u00e4ftigte sich insbesondere die Arbeitsgruppe von Prof. Heike Mayer mit Bern als Hauptstadtregion und f\u00fchrte dazu eine Studie durch, die der Frage nachging, was Hauptst\u00e4dte, die nicht gleichzeitig die wirtschaftlichen Zentren ihres Landes sind, erfolgreich macht. In der vergleichenden Studie mit anderen sekund\u00e4ren Hauptst\u00e4dten wie Den Haag, Washington D.C. und Ottawa zog das Projekt Folgerungen und Handlungsempfehlungen f\u00fcr die Schweizer Hauptstadtregion. Ein zentrales Ergebnis war, dass sich die Stadt Bern st\u00e4rker zu ihrer Funktion als Hauptstadt bekennen und ihre St\u00e4rken besser nach aussen vertreten m\u00fcsste.<\/p>\n\n\n\n<p>Das Bundeshaus verk\u00f6rpert jedoch auch die institutionalisierte Politik in der Schweiz und steht dabei vor allem f\u00fcr die Frage, wer hier als Politikerin oder Politiker die Schweiz repr\u00e4sentiert und regiert? Die Schweizer Politik sticht dabei insbesondere im Hinblick auf zwei Merkmale hervor: ihr politisches System der direkten Demokratie und das sp\u00e4te Frauenwahlrecht.<\/p>\n\n\n\n<p>Die direkte Demokratie soll eine direkte Mitsprache der Bev\u00f6lkerung bei Entscheiden auf allen politischen Ebenen erm\u00f6glichen. F\u00fcr die Schweizerinnen und Schweizer ist die direkte Demokratie ein zentrales Element der Schweizer Staatsordnung. F\u00fcr viele sind die weltweit einzigartigen M\u00f6glichkeiten der Mitbestimmung entscheidend f\u00fcr das politische System der Schweiz, das durch die geographische, kulturelle und sprachliche Vielfalt besonders herausgefordert ist.<\/p>\n\n\n\n<p>Das Bundeshaus ist ein zentraler Austragungsort nicht nur f\u00fcr die geographischen, kulturellen und sprachlichen Unterschiede in der Schweiz, sondern auch f\u00fcr den langen Kampf der Frauenbewegung f\u00fcr das Frauenstimmrecht. Erst am 7. Februar 1971 f\u00fchrte die Schweiz das Frauenwahl- und Stimmrecht ein. \u201eViel brauchte es\u201c, schreibt die Historikerin Fabienne Amlinger (2021) der Universit\u00e4t Bern, \u201ebis Frauen nicht nur \u00fcber staatsb\u00fcrgerliche Pflichten, sondern auch politische Rechte verf\u00fcgten: \u00fcber 100 Jahre Kampf, mehr als 80 Vorst\u00f6sse auf verschiedenen politischen Ebenen, zwei Frauenbewegungen, einen enormen gesellschaftlichen Strukturwandel in den 1960er-Jahren, das Gesp\u00f6tt des Auslands \u00fcber die R\u00fcckst\u00e4ndigkeit der Schweiz und schliesslich die wachsende Ungeduld der Frauen\u201c. Dass nach der Einf\u00fchrung des Frauenwahl- und Stimmrechts der Kampf f\u00fcr die Schweizer Frauenbewegungen nicht vorbei ist, zeigten die Mobilisierungen f\u00fcr die Frauenstreiks im Jahr 1991, 2019 und 2023. Jeweils am 14. Juni beteiligten sich Hunderttausende Frauen und Verb\u00fcndete an Protest- und Streikaktionen.<\/p>\n\n\n\n<figure class=\"wp-block-image size-large\"><img loading=\"lazy\" decoding=\"async\" width=\"1024\" height=\"768\" src=\"https:\/\/orte-der-geografie.ch\/wp-content\/uploads\/2023\/06\/Bundeshaus-1024x768.jpg\" alt=\"Der Bundesplatz am feministischen Streik, 14. Juni 2023\" class=\"wp-image-142\" srcset=\"https:\/\/orte-der-geografie.ch\/wp-content\/uploads\/2023\/06\/Bundeshaus-1024x768.jpg 1024w, https:\/\/orte-der-geografie.ch\/wp-content\/uploads\/2023\/06\/Bundeshaus-300x225.jpg 300w, https:\/\/orte-der-geografie.ch\/wp-content\/uploads\/2023\/06\/Bundeshaus-768x576.jpg 768w, https:\/\/orte-der-geografie.ch\/wp-content\/uploads\/2023\/06\/Bundeshaus-1536x1152.jpg 1536w, https:\/\/orte-der-geografie.ch\/wp-content\/uploads\/2023\/06\/Bundeshaus.jpg 1920w\" sizes=\"auto, (max-width: 1024px) 100vw, 1024px\" \/><figcaption class=\"wp-element-caption\"><em>Der Bundesplatz am feministischen Streik, 14. Juni 2023 (Foto: Carolin Schurr)<\/em><\/figcaption><\/figure>\n\n\n\n<p>Auf dem Bundesplatz treffen sich auf kleinem Raum die institutionalisierte und aktivistische Politik. Wenn zum Beispiel am 14. Juni 2021 ein Kollektiv von Frauen die Tanzperformance \u201eUn violador en tu camino\u201c auf dem Bundesplatz auff\u00fchrt, fordert sie damit nicht nur die Schweizer Politikerinnen und Politiker dazu auf, die systematische Gewalt gegen Frauen politisch zu adressieren, sondern zeigt auch die politische Solidarit\u00e4t mit Frauen weltweit und deren Erfahrungen mit systemischer, patriarchaler und staatlicher Gewalt. Sich Raum zu nehmen und durch die Pr\u00e4senz im \u00f6ffentlichen Stadtraum auch politisch sichtbar zu werden, das ist ein zentrales Anliegen aktivistischer Politisierung. Der Bundesplatz fungiert so als Raum f\u00fcr Auseinandersetzungen, Konfrontationen und Solidarit\u00e4t zwischen institutionalisierter und aktivistischer Politik.<\/p>\n\n\n\n<p><strong>Quellen und weiterf\u00fchrende Information<\/strong><\/p>\n\n\n\n<p>Amlinger, F. (2021) 50 Jahre Frauenstimmrecht \u2013&nbsp;eine kurze Geschichte zu einem langem Kampf. <a href=\"https:\/\/anny-klawa-morf.ch\/50-jahre-frauenstimmrecht-eine-kurze-geschichte-zu-einem-langen-kampf\/\">https:\/\/anny-klawa-morf.ch\/50-jahre-frauenstimmrecht-eine-kurze-geschichte-zu-einem-langen-kampf\/<\/a>, (letzter Zugriff 17. April 2023).<\/p>\n\n\n\n<p>Kaufmann, D. et al. (2016). <a href=\"https:\/\/boris.unibe.ch\/79579\/\">Bern&#8217;s positioning strategies: Escaping the fate of a secondary capital city? <\/a>Cities. The International Journal of Urban Policy and Planning, 53, 120-129, doi:<a href=\"http:\/\/dx.doi.org\/10.1016\/j.cities.2016.02.005\" target=\"_blank\" rel=\"noreferrer noopener\">10.1016\/j.cities.2016.02.005<\/a><\/p>\n\n\n\n<p>Mayer, H. et al. (2018) <a href=\"https:\/\/boris.unibe.ch\/105938\/\">The political economy of capital cities.<\/a><em> <\/em>Regions and Cities, 120, London, &nbsp;Routledge. Doi:<a href=\"http:\/\/dx.doi.org\/10.4324\/9781315545837\" target=\"_blank\" rel=\"noreferrer noopener\">10.4324\/9781315545837<\/a><\/p>\n\n\n\n<p>NZZ (2002) Das schweizerische Capitol. <a href=\"https:\/\/www.nzz.ch\/article81R00-ld.199603?reduced=true\">https:\/\/www.nzz.ch\/article81R00-ld.199603?reduced=true<\/a>, 23. M\u00e4rz 2002 (letzter Zugriff am 17. April 2023).<\/p>\n\n\n\n<p><em>Videos<\/em><\/p>\n\n\n\n<figure class=\"wp-block-embed is-type-video is-provider-youtube wp-block-embed-youtube wp-embed-aspect-16-9 wp-has-aspect-ratio\"><div class=\"wp-block-embed__wrapper\">\n<iframe loading=\"lazy\" title=\"Kurze Geschichte zum langen Kampf \/ Br\u00e8ve histoire d\u2019un long combat\" width=\"500\" height=\"281\" src=\"https:\/\/www.youtube.com\/embed\/ewvb7MNnQ6Y?feature=oembed\" frameborder=\"0\" allow=\"accelerometer; autoplay; clipboard-write; encrypted-media; gyroscope; picture-in-picture; web-share\" referrerpolicy=\"strict-origin-when-cross-origin\" allowfullscreen><\/iframe>\n<\/div><figcaption class=\"wp-element-caption\"><em>Kurze Geschichte zum langen Kampf (Bernisches Historisches Museum)<\/em><\/figcaption><\/figure>\n\n\n\n<figure class=\"wp-block-embed is-type-video is-provider-youtube wp-block-embed-youtube wp-embed-aspect-16-9 wp-has-aspect-ratio\"><div class=\"wp-block-embed__wrapper\">\n<iframe loading=\"lazy\" title=\"Zur Lage der Frauen im Bundeshaus \/ La condition de la femme au Palais f\u00e9d\u00e9ral\" width=\"500\" height=\"281\" src=\"https:\/\/www.youtube.com\/embed\/4EsZevi-BHM?feature=oembed\" frameborder=\"0\" allow=\"accelerometer; autoplay; clipboard-write; encrypted-media; gyroscope; picture-in-picture; web-share\" referrerpolicy=\"strict-origin-when-cross-origin\" allowfullscreen><\/iframe>\n<\/div><figcaption class=\"wp-element-caption\"><em>Zur Lage der Frauen im Bundeshaus (Bernisches Historisches Museum)<\/em><\/figcaption><\/figure>\n\n\n\n<figure class=\"wp-block-embed is-type-video is-provider-youtube wp-block-embed-youtube wp-embed-aspect-16-9 wp-has-aspect-ratio\"><div class=\"wp-block-embed__wrapper\">\n<iframe loading=\"lazy\" title=\"Wirf dein Wort und geh - Demonstrationen in der Stadt Bern (Trailer)\" width=\"500\" height=\"281\" src=\"https:\/\/www.youtube.com\/embed\/fRD896oEhE8?feature=oembed\" frameborder=\"0\" allow=\"accelerometer; autoplay; clipboard-write; encrypted-media; gyroscope; picture-in-picture; web-share\" referrerpolicy=\"strict-origin-when-cross-origin\" allowfullscreen><\/iframe>\n<\/div><figcaption class=\"wp-element-caption\"><em>Wirf dein Wort und geh &#8211; Demonstrationen in der Stadt Bern (Janosch Hugi)<\/em><\/figcaption><\/figure>\n","protected":false},"excerpt":{"rendered":"<p>Sitz der Macht \u201eIm architektonischen \u00abMus\u00e9e imaginaire\u00bb der Schweizer ist das Berner Bundeshaus fest verankert; es figuriert darin \u2013&nbsp;vor allem wegen seiner Kuppel -\u2013&nbsp;als ein Nationaldenkmal\u201c titelt die NZZ zum 100-j\u00e4hrigen Jubil\u00e4um der Einweihung des Bundeshauses (NZZ 2003). Die Kuppel erinnert an das amerikanische Kapitol in Washington und verk\u00f6rpert damit: hier sitzt das Zentrum der [&hellip;]<\/p>\n","protected":false},"author":1,"featured_media":0,"parent":0,"menu_order":0,"comment_status":"closed","ping_status":"closed","template":"","meta":{"footnotes":""},"class_list":["post-144","page","type-page","status-publish","hentry"],"_links":{"self":[{"href":"https:\/\/orte-der-geografie.ch\/index.php?rest_route=\/wp\/v2\/pages\/144","targetHints":{"allow":["GET"]}}],"collection":[{"href":"https:\/\/orte-der-geografie.ch\/index.php?rest_route=\/wp\/v2\/pages"}],"about":[{"href":"https:\/\/orte-der-geografie.ch\/index.php?rest_route=\/wp\/v2\/types\/page"}],"author":[{"embeddable":true,"href":"https:\/\/orte-der-geografie.ch\/index.php?rest_route=\/wp\/v2\/users\/1"}],"replies":[{"embeddable":true,"href":"https:\/\/orte-der-geografie.ch\/index.php?rest_route=%2Fwp%2Fv2%2Fcomments&post=144"}],"version-history":[{"count":4,"href":"https:\/\/orte-der-geografie.ch\/index.php?rest_route=\/wp\/v2\/pages\/144\/revisions"}],"predecessor-version":[{"id":180,"href":"https:\/\/orte-der-geografie.ch\/index.php?rest_route=\/wp\/v2\/pages\/144\/revisions\/180"}],"wp:attachment":[{"href":"https:\/\/orte-der-geografie.ch\/index.php?rest_route=%2Fwp%2Fv2%2Fmedia&parent=144"}],"curies":[{"name":"wp","href":"https:\/\/api.w.org\/{rel}","templated":true}]}}