{"id":7,"date":"2023-02-26T16:02:06","date_gmt":"2023-02-26T16:02:06","guid":{"rendered":"https:\/\/orte-der-geografie.ch\/?page_id=7"},"modified":"2024-11-01T17:35:48","modified_gmt":"2024-11-01T17:35:48","slug":"ausserholligen-2","status":"publish","type":"page","link":"https:\/\/orte-der-geografie.ch\/?page_id=7","title":{"rendered":"Ausserholligen"},"content":{"rendered":"\n<figure class=\"wp-block-audio\"><audio controls src=\"https:\/\/orte-der-geografie.ch\/wp-content\/uploads\/2023\/05\/Ausserholligen.mp3\"><\/audio><\/figure>\n\n\n\n<p><strong>Vom Zwischenraum zum Entwicklungsschwerpunkt<\/strong><\/p>\n\n\n\n<p>\u00abDas Gebiet des Entwicklungsschwerpunkts (ESP) Ausserholligen ist heute f\u00fcr die meisten Menschen ein \u00abZwischenraum\u00bb auf dem Weg in die Stadt \u2013 ein Mosaik aus isolierten, durch grosse Verkehrsachsen zerteilte Areale. Abgesehen von der Freizeit- und Sportanlage Weyermannshaus dominieren gewerblich-industrielle Nutzungen. Der ESP Ausserholligen der Zukunft hingegen zieht mit seinem vielf\u00e4ltigen Bildungs-, Kultur- und Freizeitangebot und seinen attraktiven, vernetzten Gr\u00fcn- und Freifl\u00e4chen die Menschen an \u2013 er ist ein lebendiges, vielf\u00e4ltiges urbanes Zentrum.\u00bb (Stadt Bern &#8211; ESP Ausserholligen, 2023)<\/p>\n\n\n\n<figure class=\"wp-block-gallery has-nested-images columns-default is-cropped wp-block-gallery-1 is-layout-flex wp-block-gallery-is-layout-flex\">\n<figure class=\"wp-block-image size-large\"><img loading=\"lazy\" decoding=\"async\" width=\"1024\" height=\"806\" data-id=\"8\" src=\"https:\/\/orte-der-geografie.ch\/wp-content\/uploads\/2023\/02\/ESPAusserholligen.Perimeter-1024x806.png\" alt=\"\" class=\"wp-image-8\" srcset=\"https:\/\/orte-der-geografie.ch\/wp-content\/uploads\/2023\/02\/ESPAusserholligen.Perimeter-1024x806.png 1024w, https:\/\/orte-der-geografie.ch\/wp-content\/uploads\/2023\/02\/ESPAusserholligen.Perimeter-300x236.png 300w, https:\/\/orte-der-geografie.ch\/wp-content\/uploads\/2023\/02\/ESPAusserholligen.Perimeter-768x605.png 768w, https:\/\/orte-der-geografie.ch\/wp-content\/uploads\/2023\/02\/ESPAusserholligen.Perimeter-1536x1210.png 1536w, https:\/\/orte-der-geografie.ch\/wp-content\/uploads\/2023\/02\/ESPAusserholligen.Perimeter.png 2000w\" sizes=\"auto, (max-width: 1024px) 100vw, 1024px\" \/><figcaption class=\"wp-element-caption\"><em>Ausserholligen verf\u00fcgt \u00fcber grosses Potenzial. Die gelbe Linie markiert den Perimeter des kantonalen Entwicklungsschwerpunkts (ESP). \u00a9 Geodaten Stadt Bern<\/em><\/figcaption><\/figure>\n<\/figure>\n\n\n\n<p><strong>Der Weyerligraben<\/strong><\/p>\n\n\n\n<p>Im Jahr 1919 fusionierten die Gemeinden Bern und B\u00fcmpliz. Das ehemalige Bauerndorf B\u00fcmpliz erlebte in den Jahrzehnten zuvor ein enormes Bev\u00f6lkerungswachstum (1850: 2\u2019000 Personen, 1900: 3\u2019300, 1910: 5\u2019300), da es im Zuge der Hochkonjunktur in der benachbarten Stadt Bern zum Wohnort f\u00fcr viele Neuzuz\u00fcger wurde. Die erforderlichen Investitionen in Schulraum, Strassenbau, Abwasser, Elektrizit\u00e4t sprengten die finanziellen M\u00f6glichkeiten und f\u00fchrten letztlich zur vom Kanton angeordneten Fusion. (Erni, 2016)<\/p>\n\n\n\n<p>In der Folge entwickelte sich der sogenannten Stadtteil VI B\u00fcmpliz \u2013 Oberbottigen \u00e4usserst dynamisch und es entstanden st\u00e4dtebaulich pr\u00e4genden Gross\u00fcberbauungen wie das Tscharnergut. An der Nahtstelle zur Stadt Bern jedoch, wird das Siedlungsgebiet seit 1977 vom Autobahnviadukt Weyermannshaus in einen westlichen und einen \u00f6stlichen Teil getrennt. In dessen Schatten entstand ein Konglomerat von verschiedenen, gewerblich-industriellen Nutzungen, welches die meisten Menschen nur vom Vorbeifahren kennen. Nach dem Tram Bern West ist die Entwicklung des Gebietes Ausserholligen ein weiterer Versuch, den \u00abWeyerligraben\u00bb zu \u00fcberwinden und Bern-West besser mit der \u00fcbrigen Stadt zu verbinden.<\/p>\n\n\n\n<figure class=\"wp-block-gallery has-nested-images columns-default is-cropped wp-block-gallery-2 is-layout-flex wp-block-gallery-is-layout-flex\">\n<figure class=\"wp-block-image size-large is-style-default\"><img loading=\"lazy\" decoding=\"async\" width=\"1024\" height=\"680\" data-id=\"9\" src=\"https:\/\/orte-der-geografie.ch\/wp-content\/uploads\/2023\/02\/AutobahnviaduktBernWest-1024x680.png\" alt=\"\" class=\"wp-image-9\" srcset=\"https:\/\/orte-der-geografie.ch\/wp-content\/uploads\/2023\/02\/AutobahnviaduktBernWest-1024x680.png 1024w, https:\/\/orte-der-geografie.ch\/wp-content\/uploads\/2023\/02\/AutobahnviaduktBernWest-300x199.png 300w, https:\/\/orte-der-geografie.ch\/wp-content\/uploads\/2023\/02\/AutobahnviaduktBernWest-768x510.png 768w, https:\/\/orte-der-geografie.ch\/wp-content\/uploads\/2023\/02\/AutobahnviaduktBernWest-1536x1019.png 1536w, https:\/\/orte-der-geografie.ch\/wp-content\/uploads\/2023\/02\/AutobahnviaduktBernWest.png 2001w\" sizes=\"auto, (max-width: 1024px) 100vw, 1024px\" \/><figcaption class=\"wp-element-caption\"><em>Der Autobahnviadukt trennt Bern-West von der Kernstadt ab. In seinem Schatten entstand eine Industriebrache. Foto: Val\u00e9rie Ch\u00e9telat<\/em><\/figcaption><\/figure>\n<\/figure>\n\n\n\n<p><strong>Der ESP Ausserholligen<\/strong><\/p>\n\n\n\n<p>\u00abDie Entwicklung des Entwicklungsschwerpunkts (ESP) Ausserholligen zu einem lebendigen und vielf\u00e4ltigen urbanen Zentrum beginnt nicht \u00abauf einer gr\u00fcnen Wiese\u00bb. Die Grundeigent\u00fcmerschaften verfolgen seit Jahren verschiedene zukunftsweisende Projekte. Mit dem Haus der Religionen und dem Europaplatz wurden 2014 zwei davon bereits eingeweiht. Eine Vielzahl weiterer Projekte und Planungen befinden sich in unterschiedlichen Entwicklungsstadien.\u00bb (Stadt Bern &#8211; ESP Ausserholligen, 2023)<\/p>\n\n\n\n<figure class=\"wp-block-embed is-type-video is-provider-youtube wp-block-embed-youtube wp-embed-aspect-16-9 wp-has-aspect-ratio\"><div class=\"wp-block-embed__wrapper\">\n<iframe loading=\"lazy\" title=\"Ein neues urbanes Zentrum entsteht\" width=\"500\" height=\"281\" src=\"https:\/\/www.youtube.com\/embed\/P8AsduMH9QU?feature=oembed\" frameborder=\"0\" allow=\"accelerometer; autoplay; clipboard-write; encrypted-media; gyroscope; picture-in-picture; web-share\" referrerpolicy=\"strict-origin-when-cross-origin\" allowfullscreen><\/iframe>\n<\/div><figcaption class=\"wp-element-caption\"><em>Ein neues urbanes Zentrum entsteht (Stadt Bern)<\/em><\/figcaption><\/figure>\n\n\n\n<p><em>Quellen<\/em><\/p>\n\n\n\n<p>Stadt Bern, 2023. Entwicklungsschwerpunkt Ausserholligen. <a href=\"https:\/\/www.bern.ch\/themen\/planen-und-bauen\/stadtentwicklung\/stadtentwicklungsprojekte\/esp-planungen\/esp-ausserholligen\">https:\/\/www.bern.ch\/themen\/planen-und-bauen\/stadtentwicklung\/stadtentwicklungsprojekte\/esp-planungen\/esp-ausserholligen<\/a><\/p>\n\n\n\n<p>Stadtarchiv Bern, 2019. Timeline 100 Jahre Bern B\u00fcmpliz 2019.<\/p>\n\n\n\n<p>Erni, Emil (2016). Eingemeindung und Identit\u00e4t. Wie B\u00fcmpliz-Bethlehem in die Stadt Bern eingegliedert wurde und trotzdem seine Eigenart bewahrte.<\/p>\n\n\n\n<p>Berner Heimatschutz, 2022. B\u00fcmpliz-Bethlehem \u2013 Vom Bauerndorf zum Stadtteil. <a href=\"https:\/\/www.siedlungen-buempliz.ch\">https:\/\/www.siedlungen-buempliz.ch<\/a> (Zuletzt besucht: 08.02.2023)<\/p>\n\n\n\n<p><em>Bildquellen<\/em><\/p>\n\n\n\n<p>Perimeter ESP: <a href=\"https:\/\/www.bern.ch\/themen\/planen-und-bauen\/stadtentwicklung\/stadtentwicklungsprojekte\/chantier-planungen\/esp-ausserholligen-1\/vision\/uebersicht\">https:\/\/www.bern.ch\/themen\/planen-und-bauen\/stadtentwicklung\/stadtentwicklungsprojekte\/chantier-planungen\/esp-ausserholligen-1\/vision\/uebersicht<\/a><\/p>\n\n\n\n<p>Autobahnviadukt: <a href=\"https:\/\/www.derbund.ch\/der-fulminante-fehlstart-eines-entwicklungsschwerpunkts-761028747037\">https:\/\/www.derbund.ch\/der-fulminante-fehlstart-eines-entwicklungsschwerpunkts-761028747037<\/a><\/p>\n\n\n\n<p><em>Video<\/em><\/p>\n\n\n\n<p>Stadt Bern, 2020. Ein neues urbanes Zentrum entsteht. <a href=\"https:\/\/youtu.be\/P8AsduMH9QU\" target=\"_blank\" rel=\"noreferrer noopener\">https:\/\/youtu.be\/P8AsduMH9QU<\/a><\/p>\n","protected":false},"excerpt":{"rendered":"<p>Vom Zwischenraum zum Entwicklungsschwerpunkt \u00abDas Gebiet des Entwicklungsschwerpunkts (ESP) Ausserholligen ist heute f\u00fcr die meisten Menschen ein \u00abZwischenraum\u00bb auf dem Weg in die Stadt \u2013 ein Mosaik aus isolierten, durch grosse Verkehrsachsen zerteilte Areale. Abgesehen von der Freizeit- und Sportanlage Weyermannshaus dominieren gewerblich-industrielle Nutzungen. Der ESP Ausserholligen der Zukunft hingegen zieht mit seinem vielf\u00e4ltigen Bildungs-, [&hellip;]<\/p>\n","protected":false},"author":1,"featured_media":0,"parent":0,"menu_order":0,"comment_status":"closed","ping_status":"closed","template":"","meta":{"footnotes":""},"class_list":["post-7","page","type-page","status-publish","hentry"],"_links":{"self":[{"href":"https:\/\/orte-der-geografie.ch\/index.php?rest_route=\/wp\/v2\/pages\/7","targetHints":{"allow":["GET"]}}],"collection":[{"href":"https:\/\/orte-der-geografie.ch\/index.php?rest_route=\/wp\/v2\/pages"}],"about":[{"href":"https:\/\/orte-der-geografie.ch\/index.php?rest_route=\/wp\/v2\/types\/page"}],"author":[{"embeddable":true,"href":"https:\/\/orte-der-geografie.ch\/index.php?rest_route=\/wp\/v2\/users\/1"}],"replies":[{"embeddable":true,"href":"https:\/\/orte-der-geografie.ch\/index.php?rest_route=%2Fwp%2Fv2%2Fcomments&post=7"}],"version-history":[{"count":14,"href":"https:\/\/orte-der-geografie.ch\/index.php?rest_route=\/wp\/v2\/pages\/7\/revisions"}],"predecessor-version":[{"id":188,"href":"https:\/\/orte-der-geografie.ch\/index.php?rest_route=\/wp\/v2\/pages\/7\/revisions\/188"}],"wp:attachment":[{"href":"https:\/\/orte-der-geografie.ch\/index.php?rest_route=%2Fwp%2Fv2%2Fmedia&parent=7"}],"curies":[{"name":"wp","href":"https:\/\/api.w.org\/{rel}","templated":true}]}}